{"id":83,"date":"2024-04-21T14:55:58","date_gmt":"2024-04-21T14:55:58","guid":{"rendered":"http:\/\/yeisontest.webcreativa.us\/century\/?page_id=83"},"modified":"2024-09-18T22:21:26","modified_gmt":"2024-09-18T22:21:26","slug":"investment","status":"publish","type":"page","link":"https:\/\/centuryassetmanagement.com\/es\/investment\/","title":{"rendered":"inversi\u00f3n"},"content":{"rendered":"<div class=\"wp-block-group alignfull sdc_textBlock1 sdc_important has-global-padding is-layout-constrained wp-container-core-group-is-layout-1cb73fe0 wp-block-group-is-layout-constrained\" style=\"margin-top:0px;margin-bottom:0px;padding-top:70px;padding-right:8px;padding-bottom:80px;padding-left:8px\">\n<div class=\"wp-block-group is-content-justification-space-between is-layout-flex wp-container-core-group-is-layout-e5edad21 wp-block-group-is-layout-flex\">\n<div class=\"wp-block-group sdc_block1 sdc_important has-global-padding is-layout-constrained wp-block-group-is-layout-constrained\" style=\"padding-top:0px;padding-bottom:0px\">\n<h2 class=\"wp-block-heading\" style=\"margin-top:0px;margin-bottom:0px\">OPORTUNIDADES DE INVERSION<\/h2>\n<\/div>\n\n\n\n<div class=\"wp-block-group sdc_block2 sdc_important has-global-padding is-layout-constrained wp-block-group-is-layout-constrained\">\n<p><br>Nuestros proyectos han sido dise\u00f1ados para cumplir y superar los puntos de referencia internacionales en sostenibilidad, innovaci\u00f3n y adaptaci\u00f3n digital.<br><br>Ubicados estrat\u00e9gicamente en zonas residenciales en crecimiento, nuestros desarrollos ofrecen un acceso incomparable a infraestructura vital, que abarca las principales carreteras, instituciones educativas, centros comerciales y aeropuertos.<br><br>Te invitamos a conocer nuestro compromiso con la excelencia en el desarrollo e inversi\u00f3n y descubre nuestros proyectos que construyen la vida moderna y el dise\u00f1o urbano con visi\u00f3n de futuro.<br><\/p>\n<\/div>\n<\/div>\n<\/div>\n\n\n\n<div class=\"wp-block-group is-content-justification-center is-nowrap is-layout-flex wp-container-core-group-is-layout-141e2ba9 wp-block-group-is-layout-flex\">\n<article class=\"wp-block-group sdc_card sdc_important has-border-color has-custom-texto-2-border-color wp-container-content-cfaa4990 has-global-padding is-layout-constrained wp-block-group-is-layout-constrained\" style=\"border-width:1px;min-height:570px\">\n<div class=\"wp-block-cover has-custom-content-position is-position-bottom-left sdc_img sdc_important\" style=\"padding-top:20px;padding-right:40px;padding-bottom:20px;padding-left:40px;min-height:311px;aspect-ratio:unset;\"><span aria-hidden=\"true\" class=\"wp-block-cover__background has-background-dim wp-block-cover__gradient-background has-background-gradient\" style=\"background:linear-gradient(0deg,rgb(0,0,0) 0%,rgba(255,255,255,0) 100%)\"><\/span><img loading=\"lazy\" decoding=\"async\" width=\"2048\" height=\"1152\" class=\"wp-block-cover__image-background wp-image-1718\" alt=\"\" src=\"https:\/\/centuryassetmanagement.com\/wp-content\/uploads\/2024\/07\/9_Century-Park-Square_2.23.2024_360-Photo8-1.jpg\" style=\"object-position:82% 42%\" data-object-fit=\"cover\" data-object-position=\"82% 42%\" srcset=\"https:\/\/centuryassetmanagement.com\/wp-content\/uploads\/2024\/07\/9_Century-Park-Square_2.23.2024_360-Photo8-1.jpg 2048w, https:\/\/centuryassetmanagement.com\/wp-content\/uploads\/2024\/07\/9_Century-Park-Square_2.23.2024_360-Photo8-1-300x169.jpg 300w, https:\/\/centuryassetmanagement.com\/wp-content\/uploads\/2024\/07\/9_Century-Park-Square_2.23.2024_360-Photo8-1-1024x576.jpg 1024w, https:\/\/centuryassetmanagement.com\/wp-content\/uploads\/2024\/07\/9_Century-Park-Square_2.23.2024_360-Photo8-1-768x432.jpg 768w, https:\/\/centuryassetmanagement.com\/wp-content\/uploads\/2024\/07\/9_Century-Park-Square_2.23.2024_360-Photo8-1-1536x864.jpg 1536w, https:\/\/centuryassetmanagement.com\/wp-content\/uploads\/2024\/07\/9_Century-Park-Square_2.23.2024_360-Photo8-1-18x10.jpg 18w\" sizes=\"auto, (max-width: 2048px) 100vw, 2048px\" \/><div class=\"wp-block-cover__inner-container has-global-padding is-layout-constrained wp-container-core-cover-is-layout-9e45c26e wp-block-cover-is-layout-constrained\">\n<h2 class=\"wp-block-heading has-custom-texto-1-color has-text-color has-link-color wp-elements-376677640ccbf6f322d88578234afd50\">RESIDENTIAL II: Park<br>Square Fund I<\/h2>\n<\/div><\/div>\n\n\n\n<div class=\"wp-block-cover sdc_label sdc_important\" style=\"padding-top:31px;min-height:61px;aspect-ratio:unset;\"><span aria-hidden=\"true\" class=\"wp-block-cover__background has-custom-color-3-background-color has-background-dim-0 has-background-dim\"><\/span><img loading=\"lazy\" decoding=\"async\" width=\"157\" height=\"61\" class=\"wp-block-cover__image-background wp-image-289\" alt=\"\" src=\"https:\/\/centuryassetmanagement.com\/wp-content\/uploads\/2024\/04\/label_cerrado.webp\" data-object-fit=\"cover\" srcset=\"https:\/\/centuryassetmanagement.com\/wp-content\/uploads\/2024\/04\/label_cerrado.webp 157w, https:\/\/centuryassetmanagement.com\/wp-content\/uploads\/2024\/04\/label_cerrado-18x7.webp 18w\" sizes=\"auto, (max-width: 157px) 100vw, 157px\" \/><div class=\"wp-block-cover__inner-container has-global-padding is-layout-constrained wp-block-cover-is-layout-constrained\">\n<p class=\"has-text-align-right has-custom-texto-1-color has-text-color has-link-color wp-elements-40f4fd7d708cb69c3f7bb49a5d419490\" style=\"margin-top:0px;margin-right:0rem;margin-bottom:0px;margin-left:0rem;font-size:18px;font-style:normal;font-weight:700;text-transform:uppercase\">CERRADO<\/p>\n<\/div><\/div>\n\n\n\n<div class=\"wp-block-group has-global-padding is-layout-constrained wp-container-core-group-is-layout-e91a97bc wp-block-group-is-layout-constrained\" style=\"padding-top:5px;padding-right:35px;padding-bottom:20px;padding-left:40px\">\n<p style=\"font-size:14px;line-height:1.4;text-transform:uppercase\"><strong>Estrategia:<\/strong> RESIDENTIAL for sale<br><strong>Ubicaci\u00f3n:<\/strong> Florida City, Florida<br><strong>Proyectos:<\/strong><br>Century Park Square \/ <a href=\"https:\/\/centuryassetmanagement.com\/es\/project\/century-park-square\/\">ver Proyecto<\/a><br><strong>TICKET M\u00cdNIMO:<\/strong> USD 250.000<br><strong>Plazo de inversi\u00f3n:<\/strong> 2 a\u00f1os (2024-2026)<br><strong>TIR objetivo:<\/strong> 18%-21%<br><strong>Tama\u00f1o:<\/strong> USD 6 M<br><\/p>\n<\/div>\n<\/article>\n\n\n\n<article class=\"wp-block-group sdc_card sdc_important has-border-color has-custom-texto-2-border-color wp-container-content-cfaa4990 has-global-padding is-layout-constrained wp-block-group-is-layout-constrained\" style=\"border-width:1px;min-height:570px\">\n<div class=\"wp-block-cover has-custom-content-position is-position-bottom-left sdc_img sdc_important\" style=\"padding-top:20px;padding-right:40px;padding-bottom:20px;padding-left:40px;min-height:311px;aspect-ratio:unset;\"><span aria-hidden=\"true\" class=\"wp-block-cover__background has-background-dim wp-block-cover__gradient-background has-background-gradient\" style=\"background:linear-gradient(0deg,rgb(0,0,0) 0%,rgba(255,255,255,0) 100%)\"><\/span><img loading=\"lazy\" decoding=\"async\" width=\"1290\" height=\"950\" class=\"wp-block-cover__image-background wp-image-1720\" alt=\"\" src=\"https:\/\/centuryassetmanagement.com\/wp-content\/uploads\/2024\/07\/Century-Town-Center-I-1.jpg\" style=\"object-position:51% 87%\" data-object-fit=\"cover\" data-object-position=\"51% 87%\" srcset=\"https:\/\/centuryassetmanagement.com\/wp-content\/uploads\/2024\/07\/Century-Town-Center-I-1.jpg 1290w, https:\/\/centuryassetmanagement.com\/wp-content\/uploads\/2024\/07\/Century-Town-Center-I-1-300x221.jpg 300w, https:\/\/centuryassetmanagement.com\/wp-content\/uploads\/2024\/07\/Century-Town-Center-I-1-1024x754.jpg 1024w, https:\/\/centuryassetmanagement.com\/wp-content\/uploads\/2024\/07\/Century-Town-Center-I-1-768x566.jpg 768w, https:\/\/centuryassetmanagement.com\/wp-content\/uploads\/2024\/07\/Century-Town-Center-I-1-16x12.jpg 16w\" sizes=\"auto, (max-width: 1290px) 100vw, 1290px\" \/><div class=\"wp-block-cover__inner-container is-layout-flow wp-block-cover-is-layout-flow\">\n<h2 class=\"wp-block-heading has-custom-texto-1-color has-text-color has-link-color wp-elements-6516a2a62c6f93cf0b0c9f4b56b51a85\"><br>MULTIFAMILY I: CREF<\/h2>\n<\/div><\/div>\n\n\n\n<div class=\"wp-block-cover sdc_label sdc_important\" style=\"padding-top:31px;min-height:61px;aspect-ratio:unset;\"><span aria-hidden=\"true\" class=\"wp-block-cover__background has-custom-color-3-background-color has-background-dim-0 has-background-dim\"><\/span><img loading=\"lazy\" decoding=\"async\" width=\"157\" height=\"61\" class=\"wp-block-cover__image-background wp-image-289\" alt=\"\" src=\"https:\/\/centuryassetmanagement.com\/wp-content\/uploads\/2024\/04\/label_cerrado.webp\" data-object-fit=\"cover\" srcset=\"https:\/\/centuryassetmanagement.com\/wp-content\/uploads\/2024\/04\/label_cerrado.webp 157w, https:\/\/centuryassetmanagement.com\/wp-content\/uploads\/2024\/04\/label_cerrado-18x7.webp 18w\" sizes=\"auto, (max-width: 157px) 100vw, 157px\" \/><div class=\"wp-block-cover__inner-container has-global-padding is-layout-constrained wp-block-cover-is-layout-constrained\">\n<p class=\"has-text-align-right has-custom-texto-1-color has-text-color has-link-color wp-elements-3bdaa0f85eb82a1a9c380bd0c5210711\" style=\"margin-top:0px;margin-right:0rem;margin-bottom:0px;margin-left:0rem;font-size:18px;font-style:normal;font-weight:700;text-transform:uppercase\">cerrado<\/p>\n<\/div><\/div>\n\n\n\n<div class=\"wp-block-group has-global-padding is-layout-constrained wp-container-core-group-is-layout-e91a97bc wp-block-group-is-layout-constrained\" style=\"padding-top:5px;padding-right:35px;padding-bottom:20px;padding-left:40px\">\n<p style=\"font-size:14px;line-height:1.4;text-transform:uppercase\"><strong>Estrategia:<\/strong> Multifamily<br><strong>Ubicaci\u00f3n:<\/strong> Doral, Florida<br><strong>Proyectos:<\/strong><br>Century Town Center 1 \/ <a data-type=\"projects\" data-id=\"639\" href=\"https:\/\/centuryassetmanagement.com\/es\/project\/center-2\/\">ver Proyecto<\/a><br>Century Town Center 2 \/ <a data-type=\"projects\" data-id=\"871\" href=\"https:\/\/centuryassetmanagement.com\/es\/project\/centurytown-center-ii\/\">ver Proyecto<\/a><br><strong>TICKET M\u00cdNIMO:<\/strong> USD 100.000<br><strong>Plazo de inversi\u00f3n:<\/strong> 8 a\u00f1os (2024-2032)<br><strong>TIR objetivo:<\/strong> 13%-15% <br><strong>Tama\u00f1o:<\/strong> USD 51,1M<\/p>\n<\/div>\n<\/article>\n<\/div>\n\n\n\n<div class=\"wp-block-group alignfull sdc_investCardBox sdc_important has-global-padding is-layout-constrained wp-container-core-group-is-layout-c1eae6c1 wp-block-group-is-layout-constrained\" style=\"padding-right:8px;padding-bottom:74px;padding-left:8px\">\n<div class=\"wp-block-group is-content-justification-center is-layout-flex wp-container-core-group-is-layout-e7ff3fca wp-block-group-is-layout-flex\">\n<article class=\"wp-block-group sdc_card sdc_important has-border-color has-custom-texto-2-border-color wp-container-content-cfaa4990 has-global-padding is-layout-constrained wp-block-group-is-layout-constrained\" style=\"border-width:1px;min-height:570px\">\n<div class=\"wp-block-cover has-custom-content-position is-position-bottom-left sdc_img sdc_important\" style=\"padding-top:20px;padding-right:40px;padding-bottom:20px;padding-left:40px;min-height:311px;aspect-ratio:unset;\"><span aria-hidden=\"true\" class=\"wp-block-cover__background has-background-dim wp-block-cover__gradient-background has-background-gradient\" style=\"background:linear-gradient(0deg,rgb(0,0,0) 0%,rgba(255,255,255,0) 100%)\"><\/span><img loading=\"lazy\" decoding=\"async\" width=\"432\" height=\"311\" class=\"wp-block-cover__image-background wp-image-308\" alt=\"\" src=\"https:\/\/centuryassetmanagement.com\/wp-content\/uploads\/2024\/04\/oasis_fund.webp\" data-object-fit=\"cover\" srcset=\"https:\/\/centuryassetmanagement.com\/wp-content\/uploads\/2024\/04\/oasis_fund.webp 432w, https:\/\/centuryassetmanagement.com\/wp-content\/uploads\/2024\/04\/oasis_fund-300x216.webp 300w, https:\/\/centuryassetmanagement.com\/wp-content\/uploads\/2024\/04\/oasis_fund-18x12.webp 18w\" sizes=\"auto, (max-width: 432px) 100vw, 432px\" \/><div class=\"wp-block-cover__inner-container has-global-padding is-layout-constrained wp-container-core-cover-is-layout-9e45c26e wp-block-cover-is-layout-constrained\">\n<h2 class=\"wp-block-heading has-custom-texto-1-color has-text-color has-link-color wp-elements-7872782deb22a278bc3ba1d1067591a1\"><br>RESIDENTIAL I: Oasis Fund<\/h2>\n<\/div><\/div>\n\n\n\n<div class=\"wp-block-cover sdc_label sdc_important\" style=\"padding-top:31px;min-height:61px;aspect-ratio:unset;\"><span aria-hidden=\"true\" class=\"wp-block-cover__background has-custom-color-3-background-color has-background-dim-0 has-background-dim\"><\/span><img loading=\"lazy\" decoding=\"async\" width=\"157\" height=\"61\" class=\"wp-block-cover__image-background wp-image-289\" alt=\"\" src=\"https:\/\/centuryassetmanagement.com\/wp-content\/uploads\/2024\/04\/label_cerrado.webp\" data-object-fit=\"cover\" srcset=\"https:\/\/centuryassetmanagement.com\/wp-content\/uploads\/2024\/04\/label_cerrado.webp 157w, https:\/\/centuryassetmanagement.com\/wp-content\/uploads\/2024\/04\/label_cerrado-18x7.webp 18w\" sizes=\"auto, (max-width: 157px) 100vw, 157px\" \/><div class=\"wp-block-cover__inner-container has-global-padding is-layout-constrained wp-block-cover-is-layout-constrained\">\n<p class=\"has-text-align-right has-custom-texto-1-color has-text-color has-link-color wp-elements-3bdaa0f85eb82a1a9c380bd0c5210711\" style=\"margin-top:0px;margin-right:0rem;margin-bottom:0px;margin-left:0rem;font-size:18px;font-style:normal;font-weight:700;text-transform:uppercase\">cerrado<\/p>\n<\/div><\/div>\n\n\n\n<div class=\"wp-block-group has-global-padding is-layout-constrained wp-container-core-group-is-layout-e91a97bc wp-block-group-is-layout-constrained\" style=\"padding-top:5px;padding-right:35px;padding-bottom:20px;padding-left:40px\">\n<p style=\"font-size:14px;line-height:1.4;text-transform:uppercase\"><strong>Estrategia:<\/strong> RESIDENTIAL for sale<br><strong>Ubicaci\u00f3n:<\/strong> Homestead, Florida<br><strong>Proyectos:<\/strong><br>Century Royal Homes \/ <a data-type=\"projects\" data-id=\"876\" href=\"https:\/\/centuryassetmanagement.com\/es\/project\/centuryroyal-homes\/\">ver Proyecto<\/a><br>Century Oasis \/ <a data-type=\"projects\" data-id=\"891\" href=\"https:\/\/centuryassetmanagement.com\/es\/project\/centuryoasis-homes\/\">ver Proyecto<\/a><br>Century Oasis Estates \/ <a data-type=\"projects\" data-id=\"894\" href=\"https:\/\/centuryassetmanagement.com\/es\/project\/oasis-fundcentury-oasisestates-homes\/\">ver Proyecto<\/a><br><strong>TICKET M\u00cdNIMO:<\/strong> USD 500.000<br><strong>Plazo de inversi\u00f3n:<\/strong> 2 a\u00f1os (2023-2025)<br><strong><strong>TIR objetivo: <\/strong><\/strong>18%-21%<br><strong>Tama\u00f1o:<\/strong> USD 5,8 M<\/p>\n<\/div>\n<\/article>\n<\/div>\n<\/div>","protected":false},"excerpt":{"rendered":"<p>INVESTMENT OPPORTUNITIES Our projects have been meticulously designed to not only meet but exceed international benchmarks in sustainability, innovation, and digital adaptation. Strategically situated in sought-after residential zones, our developments offer unparalleled access to vital infrastructure, encompassing major highways, educational institutions, retail hubs, and airports. Join us in exploring our commitment to investment excellence and [&hellip;]<\/p>\n","protected":false},"author":1,"featured_media":257,"parent":0,"menu_order":0,"comment_status":"closed","ping_status":"closed","template":"page-investment","meta":{"_monsterinsights_skip_tracking":false,"_monsterinsights_sitenote_active":false,"_monsterinsights_sitenote_note":"","_monsterinsights_sitenote_category":0,"sdc_second_imf_feat":"","projects_meta_investment":"Upcoming properties...","projects_meta_type":"","projects_meta_stage":"","projects_meta_location":"","projects_meta_sqft":"","footnotes":""},"class_list":["post-83","page","type-page","status-publish","has-post-thumbnail","hentry"],"yoast_head":"<!-- This site is optimized with the Yoast SEO plugin v27.2 - https:\/\/yoast.com\/product\/yoast-seo-wordpress\/ -->\n<title>Investment<\/title>\n<meta name=\"description\" content=\"Explore strategic investment opportunities with Century Asset Management. Discover growth potential in our diverse portfolio.\" \/>\n<meta name=\"robots\" content=\"index, follow, max-snippet:-1, max-image-preview:large, max-video-preview:-1\" \/>\n<link rel=\"canonical\" href=\"https:\/\/centuryassetmanagement.com\/es\/investment\/\" \/>\n<meta property=\"og:locale\" content=\"es_ES\" \/>\n<meta property=\"og:type\" content=\"article\" \/>\n<meta property=\"og:title\" content=\"Investment\" \/>\n<meta property=\"og:description\" content=\"Explore strategic investment opportunities with Century Asset Management. Discover growth potential in our diverse portfolio.\" \/>\n<meta property=\"og:url\" content=\"https:\/\/centuryassetmanagement.com\/es\/investment\/\" \/>\n<meta property=\"og:site_name\" content=\"Century Asset Management\" \/>\n<meta property=\"article:modified_time\" content=\"2024-09-18T22:21:26+00:00\" \/>\n<meta property=\"og:image\" content=\"https:\/\/centuryassetmanagement.com\/wp-content\/uploads\/2024\/04\/investmen.webp\" \/>\n\t<meta property=\"og:image:width\" content=\"1440\" \/>\n\t<meta property=\"og:image:height\" content=\"442\" \/>\n\t<meta property=\"og:image:type\" content=\"image\/webp\" \/>\n<meta name=\"twitter:card\" content=\"summary_large_image\" \/>\n<meta name=\"twitter:label1\" content=\"Tiempo de lectura\" \/>\n\t<meta name=\"twitter:data1\" content=\"3 minutos\" \/>\n<script type=\"application\/ld+json\" class=\"yoast-schema-graph\">{\"@context\":\"https:\/\/schema.org\",\"@graph\":[{\"@type\":\"WebPage\",\"@id\":\"https:\/\/centuryassetmanagement.com\/investment\/\",\"url\":\"https:\/\/centuryassetmanagement.com\/investment\/\",\"name\":\"Investment\",\"isPartOf\":{\"@id\":\"https:\/\/centuryassetmanagement.com\/#website\"},\"primaryImageOfPage\":{\"@id\":\"https:\/\/centuryassetmanagement.com\/investment\/#primaryimage\"},\"image\":{\"@id\":\"https:\/\/centuryassetmanagement.com\/investment\/#primaryimage\"},\"thumbnailUrl\":\"https:\/\/centuryassetmanagement.com\/wp-content\/uploads\/2024\/04\/investmen.webp\",\"datePublished\":\"2024-04-21T14:55:58+00:00\",\"dateModified\":\"2024-09-18T22:21:26+00:00\",\"description\":\"Explore strategic investment opportunities with Century Asset Management. Discover growth potential in our diverse portfolio.\",\"breadcrumb\":{\"@id\":\"https:\/\/centuryassetmanagement.com\/investment\/#breadcrumb\"},\"inLanguage\":\"es\",\"potentialAction\":[{\"@type\":\"ReadAction\",\"target\":[\"https:\/\/centuryassetmanagement.com\/investment\/\"]}]},{\"@type\":\"ImageObject\",\"inLanguage\":\"es\",\"@id\":\"https:\/\/centuryassetmanagement.com\/investment\/#primaryimage\",\"url\":\"https:\/\/centuryassetmanagement.com\/wp-content\/uploads\/2024\/04\/investmen.webp\",\"contentUrl\":\"https:\/\/centuryassetmanagement.com\/wp-content\/uploads\/2024\/04\/investmen.webp\",\"width\":1440,\"height\":442},{\"@type\":\"BreadcrumbList\",\"@id\":\"https:\/\/centuryassetmanagement.com\/investment\/#breadcrumb\",\"itemListElement\":[{\"@type\":\"ListItem\",\"position\":1,\"name\":\"Home\",\"item\":\"https:\/\/centuryassetmanagement.com\/\"},{\"@type\":\"ListItem\",\"position\":2,\"name\":\"Investment\"}]},{\"@type\":\"WebSite\",\"@id\":\"https:\/\/centuryassetmanagement.com\/#website\",\"url\":\"https:\/\/centuryassetmanagement.com\/\",\"name\":\"Century Asset Management\",\"description\":\"\",\"publisher\":{\"@id\":\"https:\/\/centuryassetmanagement.com\/#organization\"},\"potentialAction\":[{\"@type\":\"SearchAction\",\"target\":{\"@type\":\"EntryPoint\",\"urlTemplate\":\"https:\/\/centuryassetmanagement.com\/?s={search_term_string}\"},\"query-input\":{\"@type\":\"PropertyValueSpecification\",\"valueRequired\":true,\"valueName\":\"search_term_string\"}}],\"inLanguage\":\"es\"},{\"@type\":\"Organization\",\"@id\":\"https:\/\/centuryassetmanagement.com\/#organization\",\"name\":\"centuryassetmanagement\",\"url\":\"https:\/\/centuryassetmanagement.com\/\",\"logo\":{\"@type\":\"ImageObject\",\"inLanguage\":\"es\",\"@id\":\"https:\/\/centuryassetmanagement.com\/#\/schema\/logo\/image\/\",\"url\":\"https:\/\/centuryassetmanagement.com\/wp-content\/uploads\/2024\/05\/century_logo-1.png\",\"contentUrl\":\"https:\/\/centuryassetmanagement.com\/wp-content\/uploads\/2024\/05\/century_logo-1.png\",\"width\":313,\"height\":112,\"caption\":\"centuryassetmanagement\"},\"image\":{\"@id\":\"https:\/\/centuryassetmanagement.com\/#\/schema\/logo\/image\/\"}}]}<\/script>\n<!-- \/ Yoast SEO plugin. -->","yoast_head_json":{"title":"inversi\u00f3n","description":"Explore strategic investment opportunities with Century Asset Management. Discover growth potential in our diverse portfolio.","robots":{"index":"index","follow":"follow","max-snippet":"max-snippet:-1","max-image-preview":"max-image-preview:large","max-video-preview":"max-video-preview:-1"},"canonical":"https:\/\/centuryassetmanagement.com\/es\/investment\/","og_locale":"es_ES","og_type":"article","og_title":"Investment","og_description":"Explore strategic investment opportunities with Century Asset Management. Discover growth potential in our diverse portfolio.","og_url":"https:\/\/centuryassetmanagement.com\/es\/investment\/","og_site_name":"Century Asset Management","article_modified_time":"2024-09-18T22:21:26+00:00","og_image":[{"width":1440,"height":442,"url":"https:\/\/centuryassetmanagement.com\/wp-content\/uploads\/2024\/04\/investmen.webp","type":"image\/webp"}],"twitter_card":"summary_large_image","twitter_misc":{"Tiempo de lectura":"3 minutos"},"schema":{"@context":"https:\/\/schema.org","@graph":[{"@type":"WebPage","@id":"https:\/\/centuryassetmanagement.com\/investment\/","url":"https:\/\/centuryassetmanagement.com\/investment\/","name":"inversi\u00f3n","isPartOf":{"@id":"https:\/\/centuryassetmanagement.com\/#website"},"primaryImageOfPage":{"@id":"https:\/\/centuryassetmanagement.com\/investment\/#primaryimage"},"image":{"@id":"https:\/\/centuryassetmanagement.com\/investment\/#primaryimage"},"thumbnailUrl":"https:\/\/centuryassetmanagement.com\/wp-content\/uploads\/2024\/04\/investmen.webp","datePublished":"2024-04-21T14:55:58+00:00","dateModified":"2024-09-18T22:21:26+00:00","description":"Explore strategic investment opportunities with Century Asset Management. Discover growth potential in our diverse portfolio.","breadcrumb":{"@id":"https:\/\/centuryassetmanagement.com\/investment\/#breadcrumb"},"inLanguage":"es","potentialAction":[{"@type":"ReadAction","target":["https:\/\/centuryassetmanagement.com\/investment\/"]}]},{"@type":"ImageObject","inLanguage":"es","@id":"https:\/\/centuryassetmanagement.com\/investment\/#primaryimage","url":"https:\/\/centuryassetmanagement.com\/wp-content\/uploads\/2024\/04\/investmen.webp","contentUrl":"https:\/\/centuryassetmanagement.com\/wp-content\/uploads\/2024\/04\/investmen.webp","width":1440,"height":442},{"@type":"BreadcrumbList","@id":"https:\/\/centuryassetmanagement.com\/investment\/#breadcrumb","itemListElement":[{"@type":"ListItem","position":1,"name":"Home","item":"https:\/\/centuryassetmanagement.com\/"},{"@type":"ListItem","position":2,"name":"Investment"}]},{"@type":"WebSite","@id":"https:\/\/centuryassetmanagement.com\/#website","url":"https:\/\/centuryassetmanagement.com\/","name":"Gesti\u00f3n de activos del siglo","description":"","publisher":{"@id":"https:\/\/centuryassetmanagement.com\/#organization"},"potentialAction":[{"@type":"SearchAction","target":{"@type":"EntryPoint","urlTemplate":"https:\/\/centuryassetmanagement.com\/?s={search_term_string}"},"query-input":{"@type":"PropertyValueSpecification","valueRequired":true,"valueName":"search_term_string"}}],"inLanguage":"es"},{"@type":"Organization","@id":"https:\/\/centuryassetmanagement.com\/#organization","name":"centuryassetmanagement","url":"https:\/\/centuryassetmanagement.com\/","logo":{"@type":"ImageObject","inLanguage":"es","@id":"https:\/\/centuryassetmanagement.com\/#\/schema\/logo\/image\/","url":"https:\/\/centuryassetmanagement.com\/wp-content\/uploads\/2024\/05\/century_logo-1.png","contentUrl":"https:\/\/centuryassetmanagement.com\/wp-content\/uploads\/2024\/05\/century_logo-1.png","width":313,"height":112,"caption":"centuryassetmanagement"},"image":{"@id":"https:\/\/centuryassetmanagement.com\/#\/schema\/logo\/image\/"}}]}},"_links":{"self":[{"href":"https:\/\/centuryassetmanagement.com\/es\/wp-json\/wp\/v2\/pages\/83","targetHints":{"allow":["GET"]}}],"collection":[{"href":"https:\/\/centuryassetmanagement.com\/es\/wp-json\/wp\/v2\/pages"}],"about":[{"href":"https:\/\/centuryassetmanagement.com\/es\/wp-json\/wp\/v2\/types\/page"}],"author":[{"embeddable":true,"href":"https:\/\/centuryassetmanagement.com\/es\/wp-json\/wp\/v2\/users\/1"}],"replies":[{"embeddable":true,"href":"https:\/\/centuryassetmanagement.com\/es\/wp-json\/wp\/v2\/comments?post=83"}],"version-history":[{"count":70,"href":"https:\/\/centuryassetmanagement.com\/es\/wp-json\/wp\/v2\/pages\/83\/revisions"}],"predecessor-version":[{"id":1754,"href":"https:\/\/centuryassetmanagement.com\/es\/wp-json\/wp\/v2\/pages\/83\/revisions\/1754"}],"wp:featuredmedia":[{"embeddable":true,"href":"https:\/\/centuryassetmanagement.com\/es\/wp-json\/wp\/v2\/media\/257"}],"wp:attachment":[{"href":"https:\/\/centuryassetmanagement.com\/es\/wp-json\/wp\/v2\/media?parent=83"}],"curies":[{"name":"wp","href":"https:\/\/api.w.org\/{rel}","templated":true}]}}