{"id":927,"date":"2024-04-28T10:00:41","date_gmt":"2024-04-28T10:00:41","guid":{"rendered":"http:\/\/yeisontest.webcreativa.us\/century\/?page_id=927"},"modified":"2024-06-19T14:24:30","modified_gmt":"2024-06-19T14:24:30","slug":"contact-us","status":"publish","type":"page","link":"https:\/\/centuryassetmanagement.com\/es\/contact-us\/","title":{"rendered":"Contacto"},"content":{"rendered":"<div class=\"wp-block-group has-global-padding is-layout-constrained wp-container-core-group-is-layout-7c858ca3 wp-block-group-is-layout-constrained\" style=\"padding-right:8px;padding-bottom:30px;padding-left:8px\">\n<div class=\"wp-block-group sdc_contactRow sdc_important is-content-justification-space-between is-layout-flex wp-container-core-group-is-layout-d81e9dea wp-block-group-is-layout-flex\" style=\"border-top-color:var(--wp--preset--color--custom-texto-2);border-top-width:2px;border-bottom-color:var(--wp--preset--color--custom-texto-2);border-bottom-width:2px;padding-top:28px;padding-right:56px;padding-bottom:28px;padding-left:56px\">\n<div class=\"wp-block-group has-global-padding is-layout-constrained wp-block-group-is-layout-constrained\">\n<h2 class=\"wp-block-heading\">ESTADOS UNIDOS<\/h2>\n\n\n\n<p>1735 Ponce de Le\u00f3n BLVD, Suite 100<br>Coral Gables, 33134<\/p>\n<\/div>\n\n\n\n<div class=\"wp-block-group has-global-padding is-layout-constrained wp-block-group-is-layout-constrained\">\n<h2 class=\"wp-block-heading\">Eliana Roa<\/h2>\n\n\n\n<p>Miami, Florida <a href=\"tel:\">(+1) 786 795 35 94<\/a><br><a href=\"tel:\">305-4409511<\/a> \/ <a href=\"mailto:er@centuryamg.com\">er@centuryamg.com<\/a><\/p>\n<\/div>\n<\/div>\n\n\n\n<div class=\"wp-block-group sdc_contactRow sdc_important is-content-justification-space-between is-layout-flex wp-container-core-group-is-layout-1060b960 wp-block-group-is-layout-flex\" style=\"margin-top:0px;margin-bottom:0px;padding-top:28px;padding-right:56px;padding-bottom:28px;padding-left:56px\">\n<div class=\"wp-block-group wp-container-content-9cfa9a5a has-global-padding is-layout-constrained wp-block-group-is-layout-constrained\">\n<h2 class=\"wp-block-heading\">COLOMBIA<\/h2>\n\n\n\n<p>Carrera 6 No 115-65<br>4 piso zona F Hacienda Santa B\u00e1rbara<\/p>\n<\/div>\n\n\n\n<div class=\"wp-block-group wp-container-content-9cfa9a5a has-global-padding is-content-justification-right is-layout-constrained wp-container-core-group-is-layout-b1ce1253 wp-block-group-is-layout-constrained\">\n<h2 class=\"wp-block-heading\">Stefany Ni\u00f1o<\/h2>\n\n\n\n<p>Bogot\u00e1 <a href=\"tel:\">(+57) 3122120205<\/a><br><a href=\"mailto:sn@centuryamg.com\">sn@centuryamg.com<\/a><\/p>\n<\/div>\n<\/div>\n<\/div>","protected":false},"excerpt":{"rendered":"<p>UNITED STATES 1735 Ponce de Le\u00f3n BLVD, Suite 100Coral Gables, 33134 Eliana Roa Miami, Florida (+1) 786 795 35 94305-4409511 \/ er@centuryamg.com COLOMBIA Carrera 6 No 115-654 floor zone F Hacienda Santa B\u00e1rbara Stefany Ni\u00f1o Bogot\u00e1 (+57) 3122120205sn@centuryamg.com<\/p>","protected":false},"author":1,"featured_media":336,"parent":0,"menu_order":0,"comment_status":"closed","ping_status":"closed","template":"page-contact-us","meta":{"_monsterinsights_skip_tracking":false,"_monsterinsights_sitenote_active":false,"_monsterinsights_sitenote_note":"","_monsterinsights_sitenote_category":0,"sdc_second_imf_feat":"","projects_meta_investment":"Upcoming properties...","projects_meta_type":"","projects_meta_stage":"","projects_meta_location":"","projects_meta_sqft":"","footnotes":""},"class_list":["post-927","page","type-page","status-publish","has-post-thumbnail","hentry"],"yoast_head":"<!-- This site is optimized with the Yoast SEO plugin v27.2 - https:\/\/yoast.com\/product\/yoast-seo-wordpress\/ -->\n<title>Contact Us<\/title>\n<meta name=\"description\" content=\"Connect with Century Asset Management today for expert financial guidance and personalized solutions. Reach out through our page now!\" \/>\n<meta name=\"robots\" content=\"index, follow, max-snippet:-1, max-image-preview:large, max-video-preview:-1\" \/>\n<link rel=\"canonical\" href=\"https:\/\/centuryassetmanagement.com\/es\/contact-us\/\" \/>\n<meta property=\"og:locale\" content=\"es_ES\" \/>\n<meta property=\"og:type\" content=\"article\" \/>\n<meta property=\"og:title\" content=\"Contact Us\" \/>\n<meta property=\"og:description\" content=\"Connect with Century Asset Management today for expert financial guidance and personalized solutions. Reach out through our page now!\" \/>\n<meta property=\"og:url\" content=\"https:\/\/centuryassetmanagement.com\/es\/contact-us\/\" \/>\n<meta property=\"og:site_name\" content=\"Century Asset Management\" \/>\n<meta property=\"article:modified_time\" content=\"2024-06-19T14:24:30+00:00\" \/>\n<meta property=\"og:image\" content=\"https:\/\/centuryassetmanagement.com\/wp-content\/uploads\/2024\/04\/banner2.webp\" \/>\n\t<meta property=\"og:image:width\" content=\"1440\" \/>\n\t<meta property=\"og:image:height\" content=\"442\" \/>\n\t<meta property=\"og:image:type\" content=\"image\/webp\" \/>\n<meta name=\"twitter:card\" content=\"summary_large_image\" \/>\n<meta name=\"twitter:label1\" content=\"Tiempo de lectura\" \/>\n\t<meta name=\"twitter:data1\" content=\"1 minuto\" \/>\n<script type=\"application\/ld+json\" class=\"yoast-schema-graph\">{\"@context\":\"https:\/\/schema.org\",\"@graph\":[{\"@type\":\"WebPage\",\"@id\":\"https:\/\/centuryassetmanagement.com\/contact-us\/\",\"url\":\"https:\/\/centuryassetmanagement.com\/contact-us\/\",\"name\":\"Contact Us\",\"isPartOf\":{\"@id\":\"https:\/\/centuryassetmanagement.com\/#website\"},\"primaryImageOfPage\":{\"@id\":\"https:\/\/centuryassetmanagement.com\/contact-us\/#primaryimage\"},\"image\":{\"@id\":\"https:\/\/centuryassetmanagement.com\/contact-us\/#primaryimage\"},\"thumbnailUrl\":\"https:\/\/centuryassetmanagement.com\/wp-content\/uploads\/2024\/04\/banner2.webp\",\"datePublished\":\"2024-04-28T10:00:41+00:00\",\"dateModified\":\"2024-06-19T14:24:30+00:00\",\"description\":\"Connect with Century Asset Management today for expert financial guidance and personalized solutions. Reach out through our page now!\",\"breadcrumb\":{\"@id\":\"https:\/\/centuryassetmanagement.com\/contact-us\/#breadcrumb\"},\"inLanguage\":\"es\",\"potentialAction\":[{\"@type\":\"ReadAction\",\"target\":[\"https:\/\/centuryassetmanagement.com\/contact-us\/\"]}]},{\"@type\":\"ImageObject\",\"inLanguage\":\"es\",\"@id\":\"https:\/\/centuryassetmanagement.com\/contact-us\/#primaryimage\",\"url\":\"https:\/\/centuryassetmanagement.com\/wp-content\/uploads\/2024\/04\/banner2.webp\",\"contentUrl\":\"https:\/\/centuryassetmanagement.com\/wp-content\/uploads\/2024\/04\/banner2.webp\",\"width\":1440,\"height\":442},{\"@type\":\"BreadcrumbList\",\"@id\":\"https:\/\/centuryassetmanagement.com\/contact-us\/#breadcrumb\",\"itemListElement\":[{\"@type\":\"ListItem\",\"position\":1,\"name\":\"Home\",\"item\":\"https:\/\/centuryassetmanagement.com\/\"},{\"@type\":\"ListItem\",\"position\":2,\"name\":\"Contact Us\"}]},{\"@type\":\"WebSite\",\"@id\":\"https:\/\/centuryassetmanagement.com\/#website\",\"url\":\"https:\/\/centuryassetmanagement.com\/\",\"name\":\"Century Asset Management\",\"description\":\"\",\"publisher\":{\"@id\":\"https:\/\/centuryassetmanagement.com\/#organization\"},\"potentialAction\":[{\"@type\":\"SearchAction\",\"target\":{\"@type\":\"EntryPoint\",\"urlTemplate\":\"https:\/\/centuryassetmanagement.com\/?s={search_term_string}\"},\"query-input\":{\"@type\":\"PropertyValueSpecification\",\"valueRequired\":true,\"valueName\":\"search_term_string\"}}],\"inLanguage\":\"es\"},{\"@type\":\"Organization\",\"@id\":\"https:\/\/centuryassetmanagement.com\/#organization\",\"name\":\"centuryassetmanagement\",\"url\":\"https:\/\/centuryassetmanagement.com\/\",\"logo\":{\"@type\":\"ImageObject\",\"inLanguage\":\"es\",\"@id\":\"https:\/\/centuryassetmanagement.com\/#\/schema\/logo\/image\/\",\"url\":\"https:\/\/centuryassetmanagement.com\/wp-content\/uploads\/2024\/05\/century_logo-1.png\",\"contentUrl\":\"https:\/\/centuryassetmanagement.com\/wp-content\/uploads\/2024\/05\/century_logo-1.png\",\"width\":313,\"height\":112,\"caption\":\"centuryassetmanagement\"},\"image\":{\"@id\":\"https:\/\/centuryassetmanagement.com\/#\/schema\/logo\/image\/\"}}]}<\/script>\n<!-- \/ Yoast SEO plugin. -->","yoast_head_json":{"title":"Contacto","description":"Connect with Century Asset Management today for expert financial guidance and personalized solutions. Reach out through our page now!","robots":{"index":"index","follow":"follow","max-snippet":"max-snippet:-1","max-image-preview":"max-image-preview:large","max-video-preview":"max-video-preview:-1"},"canonical":"https:\/\/centuryassetmanagement.com\/es\/contact-us\/","og_locale":"es_ES","og_type":"article","og_title":"Contact Us","og_description":"Connect with Century Asset Management today for expert financial guidance and personalized solutions. Reach out through our page now!","og_url":"https:\/\/centuryassetmanagement.com\/es\/contact-us\/","og_site_name":"Century Asset Management","article_modified_time":"2024-06-19T14:24:30+00:00","og_image":[{"width":1440,"height":442,"url":"https:\/\/centuryassetmanagement.com\/wp-content\/uploads\/2024\/04\/banner2.webp","type":"image\/webp"}],"twitter_card":"summary_large_image","twitter_misc":{"Tiempo de lectura":"1 minuto"},"schema":{"@context":"https:\/\/schema.org","@graph":[{"@type":"WebPage","@id":"https:\/\/centuryassetmanagement.com\/contact-us\/","url":"https:\/\/centuryassetmanagement.com\/contact-us\/","name":"Contacto","isPartOf":{"@id":"https:\/\/centuryassetmanagement.com\/#website"},"primaryImageOfPage":{"@id":"https:\/\/centuryassetmanagement.com\/contact-us\/#primaryimage"},"image":{"@id":"https:\/\/centuryassetmanagement.com\/contact-us\/#primaryimage"},"thumbnailUrl":"https:\/\/centuryassetmanagement.com\/wp-content\/uploads\/2024\/04\/banner2.webp","datePublished":"2024-04-28T10:00:41+00:00","dateModified":"2024-06-19T14:24:30+00:00","description":"Connect with Century Asset Management today for expert financial guidance and personalized solutions. Reach out through our page now!","breadcrumb":{"@id":"https:\/\/centuryassetmanagement.com\/contact-us\/#breadcrumb"},"inLanguage":"es","potentialAction":[{"@type":"ReadAction","target":["https:\/\/centuryassetmanagement.com\/contact-us\/"]}]},{"@type":"ImageObject","inLanguage":"es","@id":"https:\/\/centuryassetmanagement.com\/contact-us\/#primaryimage","url":"https:\/\/centuryassetmanagement.com\/wp-content\/uploads\/2024\/04\/banner2.webp","contentUrl":"https:\/\/centuryassetmanagement.com\/wp-content\/uploads\/2024\/04\/banner2.webp","width":1440,"height":442},{"@type":"BreadcrumbList","@id":"https:\/\/centuryassetmanagement.com\/contact-us\/#breadcrumb","itemListElement":[{"@type":"ListItem","position":1,"name":"Home","item":"https:\/\/centuryassetmanagement.com\/"},{"@type":"ListItem","position":2,"name":"Contact Us"}]},{"@type":"WebSite","@id":"https:\/\/centuryassetmanagement.com\/#website","url":"https:\/\/centuryassetmanagement.com\/","name":"Gesti\u00f3n de activos del siglo","description":"","publisher":{"@id":"https:\/\/centuryassetmanagement.com\/#organization"},"potentialAction":[{"@type":"SearchAction","target":{"@type":"EntryPoint","urlTemplate":"https:\/\/centuryassetmanagement.com\/?s={search_term_string}"},"query-input":{"@type":"PropertyValueSpecification","valueRequired":true,"valueName":"search_term_string"}}],"inLanguage":"es"},{"@type":"Organization","@id":"https:\/\/centuryassetmanagement.com\/#organization","name":"centuryassetmanagement","url":"https:\/\/centuryassetmanagement.com\/","logo":{"@type":"ImageObject","inLanguage":"es","@id":"https:\/\/centuryassetmanagement.com\/#\/schema\/logo\/image\/","url":"https:\/\/centuryassetmanagement.com\/wp-content\/uploads\/2024\/05\/century_logo-1.png","contentUrl":"https:\/\/centuryassetmanagement.com\/wp-content\/uploads\/2024\/05\/century_logo-1.png","width":313,"height":112,"caption":"centuryassetmanagement"},"image":{"@id":"https:\/\/centuryassetmanagement.com\/#\/schema\/logo\/image\/"}}]}},"_links":{"self":[{"href":"https:\/\/centuryassetmanagement.com\/es\/wp-json\/wp\/v2\/pages\/927","targetHints":{"allow":["GET"]}}],"collection":[{"href":"https:\/\/centuryassetmanagement.com\/es\/wp-json\/wp\/v2\/pages"}],"about":[{"href":"https:\/\/centuryassetmanagement.com\/es\/wp-json\/wp\/v2\/types\/page"}],"author":[{"embeddable":true,"href":"https:\/\/centuryassetmanagement.com\/es\/wp-json\/wp\/v2\/users\/1"}],"replies":[{"embeddable":true,"href":"https:\/\/centuryassetmanagement.com\/es\/wp-json\/wp\/v2\/comments?post=927"}],"version-history":[{"count":13,"href":"https:\/\/centuryassetmanagement.com\/es\/wp-json\/wp\/v2\/pages\/927\/revisions"}],"predecessor-version":[{"id":1499,"href":"https:\/\/centuryassetmanagement.com\/es\/wp-json\/wp\/v2\/pages\/927\/revisions\/1499"}],"wp:featuredmedia":[{"embeddable":true,"href":"https:\/\/centuryassetmanagement.com\/es\/wp-json\/wp\/v2\/media\/336"}],"wp:attachment":[{"href":"https:\/\/centuryassetmanagement.com\/es\/wp-json\/wp\/v2\/media?parent=927"}],"curies":[{"name":"wp","href":"https:\/\/api.w.org\/{rel}","templated":true}]}}